{"id":986,"date":"2020-02-27T18:58:57","date_gmt":"2020-02-27T18:58:57","guid":{"rendered":"https:\/\/amcnotaire.com\/?page_id=986"},"modified":"2025-07-09T14:50:14","modified_gmt":"2025-07-09T14:50:14","slug":"home","status":"publish","type":"page","link":"https:\/\/amcnotaire.com\/en\/","title":{"rendered":"Home"},"content":{"rendered":"<div class=\"wpb-content-wrapper\"><p>[vc_row css_animation=&#8221;&#8221; row_type=&#8221;row&#8221; use_row_as_full_screen_section=&#8221;no&#8221; type=&#8221;grid&#8221; angled_section=&#8221;no&#8221; text_align=&#8221;center&#8221; background_image_as_pattern=&#8221;without_pattern&#8221; padding_top=&#8221;50&#8243; z_index=&#8221;&#8221;][vc_column offset=&#8221;vc_col-lg-offset-3 vc_col-lg-6&#8243;][vc_column_text]<\/p>\n<h2 style=\"text-align: center;\">OUR SERVICES<\/h2>\n<p>[\/vc_column_text][vc_separator type=&#8221;transparent&#8221; up=&#8221;20&#8243; down=&#8221;0&#8243;][\/vc_column][\/vc_row][vc_row css_animation=&#8221;&#8221; row_type=&#8221;row&#8221; use_row_as_full_screen_section=&#8221;no&#8221; type=&#8221;grid&#8221; angled_section=&#8221;no&#8221; text_align=&#8221;center&#8221; background_image_as_pattern=&#8221;without_pattern&#8221; padding_top=&#8221;65&#8243; padding_bottom=&#8221;50&#8243; z_index=&#8221;&#8221;][vc_column width=&#8221;1\/2&#8243; offset=&#8221;vc_col-lg-3 vc_col-md-3&#8243;][vc_single_image image=&#8221;484&#8243; img_size=&#8221;full&#8221; alignment=&#8221;center&#8221; onclick=&#8221;custom_link&#8221; qode_css_animation=&#8221;&#8221; link=&#8221;https:\/\/amcnotaire.com\/en\/mediation\/&#8221;][vc_separator type=&#8221;transparent&#8221; up=&#8221;40&#8243; down=&#8221;0&#8243;][vc_column_text]<\/p>\n<h4 style=\"text-align: center;\"><a href=\"https:\/\/amcnotaire.com\/en\/mediation\/\">MEDIATION<\/a><\/h4>\n<p>[\/vc_column_text][vc_separator type=&#8221;transparent&#8221; up=&#8221;25&#8243; down=&#8221;0&#8243;][vc_column_text]<\/p>\n<p class=\"p1\" style=\"text-align: center;\">M\u00e9diation familiale, civile et commerciale<\/p>\n<p>[\/vc_column_text][vc_separator type=&#8221;transparent&#8221; up=&#8221;50&#8243; down=&#8221;0&#8243;][\/vc_column][vc_column width=&#8221;1\/2&#8243; offset=&#8221;vc_col-lg-3 vc_col-md-3&#8243;][vc_single_image image=&#8221;481&#8243; img_size=&#8221;full&#8221; alignment=&#8221;center&#8221; onclick=&#8221;custom_link&#8221; qode_css_animation=&#8221;&#8221; link=&#8221;https:\/\/amcnotaire.com\/en\/will-mandate\/&#8221;][vc_separator type=&#8221;transparent&#8221; up=&#8221;40&#8243; down=&#8221;0&#8243;][vc_column_text]<\/p>\n<h4 style=\"text-align: center;\"><a href=\"https:\/\/amcnotaire.com\/en\/will-mandate\/\">WILL\/MANDATE<\/a><\/h4>\n<p>[\/vc_column_text][vc_separator type=&#8221;transparent&#8221; up=&#8221;25&#8243; down=&#8221;0&#8243;][vc_column_text]<\/p>\n<p class=\"p1\" style=\"text-align: center;\">Testament, mandat, succession, proc\u00e9dure non contentieuse<\/p>\n<p>[\/vc_column_text][vc_separator type=&#8221;transparent&#8221; up=&#8221;50&#8243; down=&#8221;0&#8243;][\/vc_column][vc_column width=&#8221;1\/2&#8243; offset=&#8221;vc_col-lg-3 vc_col-md-3&#8243;][vc_single_image image=&#8221;660&#8243; img_size=&#8221;full&#8221; alignment=&#8221;center&#8221; onclick=&#8221;custom_link&#8221; qode_css_animation=&#8221;&#8221; link=&#8221;https:\/\/amcnotaire.com\/en\/real-estate\/&#8221;][vc_separator type=&#8221;transparent&#8221; up=&#8221;40&#8243; down=&#8221;0&#8243;][vc_column_text]<\/p>\n<h4 style=\"text-align: center;\"><a href=\"https:\/\/amcnotaire.com\/en\/real-estate\/\">REAL ESTATE<\/a><\/h4>\n<p>[\/vc_column_text][vc_separator type=&#8221;transparent&#8221; up=&#8221;25&#8243; down=&#8221;0&#8243;][vc_column_text]<\/p>\n<p class=\"p1\" style=\"text-align: center;\">Documents l\u00e9gaux, recherche de titres, acte d&#8217;hypoth\u00e8que<\/p>\n<p>[\/vc_column_text][vc_separator type=&#8221;transparent&#8221; up=&#8221;50&#8243; down=&#8221;0&#8243;][\/vc_column][vc_column width=&#8221;1\/2&#8243; offset=&#8221;vc_col-lg-3 vc_col-md-3&#8243;][vc_single_image image=&#8221;661&#8243; img_size=&#8221;full&#8221; alignment=&#8221;center&#8221; onclick=&#8221;custom_link&#8221; qode_css_animation=&#8221;&#8221; link=&#8221;https:\/\/amcnotaire.com\/en\/marriage\/&#8221;][vc_separator type=&#8221;transparent&#8221; up=&#8221;40&#8243; down=&#8221;0&#8243;][vc_column_text]<\/p>\n<h4 style=\"text-align: center;\"><a href=\"https:\/\/amcnotaire.com\/en\/marriage\/\">MARRIAGE<\/a><\/h4>\n<p>[\/vc_column_text][vc_separator type=&#8221;transparent&#8221; up=&#8221;25&#8243; down=&#8221;0&#8243;][vc_column_text]<\/p>\n<p class=\"p1\" style=\"text-align: center;\">Mariages civils, unions civiles, accompagnement personnalis\u00e9<\/p>\n<p>[\/vc_column_text][vc_separator type=&#8221;transparent&#8221; up=&#8221;50&#8243; down=&#8221;0&#8243;][\/vc_column][\/vc_row][vc_row row_type=&#8221;parallax&#8221; parallax_content_width=&#8221;in_grid&#8221; text_align=&#8221;left&#8221; background_image=&#8221;780&#8243; full_screen_section_height=&#8221;no&#8221;][vc_column][vc_row_inner row_type=&#8221;row&#8221; type=&#8221;grid&#8221; text_align=&#8221;left&#8221; css_animation=&#8221;&#8221;][vc_column_inner][vc_empty_space height=&#8221;50px&#8221;][vc_column_text]<\/p>\n<h2 style=\"text-align: center;\"><span style=\"color: #ffffff;\">The notary office of<\/span><br \/>\n<span style=\"color: #ffffff;\">Mtre Anne-Marie Coutu<\/span><\/h2>\n<p>[\/vc_column_text][vc_separator type=&#8221;transparent&#8221; up=&#8221;20&#8243; down=&#8221;20&#8243;][vc_column_text]<span style=\"color: #ffffff;\">Mtre Anne-Marie Coutu\u2019s office provides a personalized service in a variety of legal matters. The notary also provides mediation services as an accredited mediator in family, civil and commercial law by the AMFQ and IMAQ associations.<\/span><\/p>\n<p>&nbsp;<\/p>\n<p><span style=\"color: #ffffff;\">Mtre Coutu practices the profession of notary since 1988 and practiced many years in Lennoxville, more precisely from 1994 to 2012. She has now her own notary office at La Place Andrew Patton in Sherbrooke since 2013. The notary is an active and caring person whose positive energy is contagious. Our young and jovial team is composed of another notary, two paralegals and a legal assistant.<\/span><\/p>\n<p>&nbsp;<\/p>\n<p><span style=\"color: #ffffff;\">The relationship we hold with clients is very important to us, which is why we always prioritize their needs and interests. In addition, our services are offered in three languages, namely in French, English and Spanish.<\/span><\/p>\n<p>&nbsp;<\/p>\n<p><span style=\"color: #ffffff;\">The versality of our notarial practice is illustrated by its services in real estate, corporate, family and inheritance matters. Lastly, the notary can act as a competent officiant to solemnize your civil marriage or civil union.<\/span>[\/vc_column_text][vc_empty_space height=&#8221;50px&#8221;][\/vc_column_inner][\/vc_row_inner][\/vc_column][\/vc_row][vc_row css_animation=&#8221;&#8221; row_type=&#8221;row&#8221; use_row_as_full_screen_section=&#8221;no&#8221; type=&#8221;grid&#8221; angled_section=&#8221;no&#8221; text_align=&#8221;center&#8221; background_image_as_pattern=&#8221;without_pattern&#8221; padding_top=&#8221;140&#8243; padding_bottom=&#8221;60&#8243;][vc_column offset=&#8221;vc_col-lg-offset-3 vc_col-lg-6&#8243;][vc_column_text]<\/p>\n<h2 style=\"text-align: center;\">Meet our team<\/h2>\n<p>[\/vc_column_text][vc_separator type=&#8221;transparent&#8221; up=&#8221;20&#8243; down=&#8221;0&#8243;][\/vc_column][\/vc_row][vc_row css_animation=&#8221;&#8221; row_type=&#8221;row&#8221; use_row_as_full_screen_section=&#8221;no&#8221; type=&#8221;grid&#8221; angled_section=&#8221;no&#8221; text_align=&#8221;left&#8221; background_image_as_pattern=&#8221;without_pattern&#8221; z_index=&#8221;&#8221;][vc_column][vc_separator type=&#8221;normal&#8221; color=&#8221;#e8e8e8&#8243; thickness=&#8221;2&#8243; up=&#8221;50&#8243; down=&#8221;50&#8243;][vc_row_inner row_type=&#8221;row&#8221; type=&#8221;full_width&#8221; text_align=&#8221;left&#8221; css_animation=&#8221;&#8221;][vc_column_inner width=&#8221;1\/4&#8243;][vc_single_image image=&#8221;584&#8243; img_size=&#8221;full&#8221; alignment=&#8221;center&#8221; qode_css_animation=&#8221;&#8221;][\/vc_column_inner][vc_column_inner width=&#8221;3\/4&#8243;][vc_column_text]<\/p>\n<h4 style=\"text-align: left;\"><a href=\"https:\/\/amcnotaire.com\/lequipe\/\">Me Anne-Marie Coutu<br \/>\n<\/a><\/h4>\n<h5 style=\"text-align: left;\">Notaire et m\u00e9diatrice accr\u00e9dit\u00e9e<\/h5>\n<p>[\/vc_column_text][vc_column_text]<\/p>\n<p style=\"text-align: left;\">Bacheli\u00e8re en droit et dipl\u00f4m\u00e9e en droit notarial de l\u2019Universit\u00e9 de Sherbrooke, notaire de 1994 \u00e0 2012 \u00e0 Lennoxville et depuis 2013 \u00e0 la place Paton. Pratique en fran\u00e7ais, anglais, espagnol. M\u00e9diatrice familiale, civile et commerciale.<\/p>\n<p style=\"text-align: left;\"><a href=\"https:\/\/amcnotaire.com\/en\/team\/\">Read more&#8230; &gt;<\/a><\/p>\n<p>[\/vc_column_text][\/vc_column_inner][\/vc_row_inner][vc_row_inner row_type=&#8221;row&#8221; type=&#8221;full_width&#8221; text_align=&#8221;center&#8221; css_animation=&#8221;&#8221;][vc_column_inner]<a  itemprop=\"url\" href=\"https:\/\/amcnotaire.com\/en\/team\/\" target=\"_self\"  class=\"qbutton  default\" style=\"\">See the team<\/a>[\/vc_column_inner][\/vc_row_inner][vc_separator type=&#8221;transparent&#8221; thickness=&#8221;0&#8243; up=&#8221;50&#8243; down=&#8221;0&#8243;][vc_separator type=&#8221;transparent&#8221; thickness=&#8221;0&#8243; up=&#8221;50&#8243; down=&#8221;0&#8243;][\/vc_column][\/vc_row][vc_row css_animation=&#8221;&#8221; row_type=&#8221;row&#8221; use_row_as_full_screen_section=&#8221;no&#8221; type=&#8221;grid&#8221; angled_section=&#8221;no&#8221; text_align=&#8221;left&#8221; background_image_as_pattern=&#8221;without_pattern&#8221; z_index=&#8221;&#8221;][vc_column][vc_basic_grid post_type=&#8221;post&#8221; max_items=&#8221;10&#8243; element_width=&#8221;12&#8243; item=&#8221;1041&#8243; grid_id=&#8221;vc_gid:1634047456048-30519a82-fa5a-0&#8243;][\/vc_column][\/vc_row][vc_row css_animation=&#8221;&#8221; row_type=&#8221;row&#8221; use_row_as_full_screen_section=&#8221;no&#8221; type=&#8221;full_width&#8221; angled_section=&#8221;no&#8221; text_align=&#8221;left&#8221; background_image_as_pattern=&#8221;without_pattern&#8221;][vc_column][vc_separator type=&#8221;normal&#8221; color=&#8221;#e8e8e8&#8243; thickness=&#8221;2&#8243; up=&#8221;50&#8243; down=&#8221;50&#8243;][vc_row_inner row_type=&#8221;row&#8221; type=&#8221;grid&#8221; text_align=&#8221;left&#8221; css_animation=&#8221;&#8221;][vc_column_inner width=&#8221;1\/3&#8243;][vc_single_image image=&#8221;458&#8243; img_size=&#8221;full&#8221; alignment=&#8221;center&#8221; qode_css_animation=&#8221;&#8221;][\/vc_column_inner][vc_column_inner width=&#8221;1\/3&#8243;][vc_single_image image=&#8221;457&#8243; img_size=&#8221;full&#8221; alignment=&#8221;center&#8221; qode_css_animation=&#8221;&#8221;][\/vc_column_inner][vc_column_inner width=&#8221;1\/3&#8243;][vc_single_image image=&#8221;456&#8243; img_size=&#8221;full&#8221; alignment=&#8221;center&#8221; qode_css_animation=&#8221;&#8221;][\/vc_column_inner][\/vc_row_inner][vc_separator type=&#8221;transparent&#8221; thickness=&#8221;0&#8243; up=&#8221;50&#8243; down=&#8221;0&#8243;][\/vc_column][\/vc_row]<\/p>\n<\/div>","protected":false},"excerpt":{"rendered":"<p>[vc_row css_animation=&#8221;&#8221; row_type=&#8221;row&#8221; use_row_as_full_screen_section=&#8221;no&#8221; type=&#8221;grid&#8221; angled_section=&#8221;no&#8221; text_align=&#8221;center&#8221; background_image_as_pattern=&#8221;without_pattern&#8221; padding_top=&#8221;50&#8243; z_index=&#8221;&#8221;][vc_column offset=&#8221;vc_col-lg-offset-3 vc_col-lg-6&#8243;][vc_column_text] OUR SERVICES [\/vc_column_text][vc_separator type=&#8221;transparent&#8221; up=&#8221;20&#8243; down=&#8221;0&#8243;][\/vc_column][\/vc_row][vc_row css_animation=&#8221;&#8221; row_type=&#8221;row&#8221; use_row_as_full_screen_section=&#8221;no&#8221; type=&#8221;grid&#8221; angled_section=&#8221;no&#8221; text_align=&#8221;center&#8221; background_image_as_pattern=&#8221;without_pattern&#8221; padding_top=&#8221;65&#8243; padding_bottom=&#8221;50&#8243; z_index=&#8221;&#8221;][vc_column width=&#8221;1\/2&#8243; offset=&#8221;vc_col-lg-3 vc_col-md-3&#8243;][vc_single_image image=&#8221;484&#8243; img_size=&#8221;full&#8221; alignment=&#8221;center&#8221; onclick=&#8221;custom_link&#8221; qode_css_animation=&#8221;&#8221; link=&#8221;https:\/\/amcnotaire.com\/en\/mediation\/&#8221;][vc_separator type=&#8221;transparent&#8221; up=&#8221;40&#8243; down=&#8221;0&#8243;][vc_column_text] MEDIATION [\/vc_column_text][vc_separator type=&#8221;transparent&#8221; up=&#8221;25&#8243; down=&#8221;0&#8243;][vc_column_text]&#8230;<\/p>\n","protected":false},"author":1,"featured_media":0,"parent":0,"menu_order":0,"comment_status":"closed","ping_status":"closed","template":"full_width.php","meta":{"_monsterinsights_skip_tracking":false,"_monsterinsights_sitenote_active":false,"_monsterinsights_sitenote_note":"","_monsterinsights_sitenote_category":0,"footnotes":""},"class_list":["post-986","page","type-page","status-publish","hentry"],"yoast_head":"<!-- This site is optimized with the Yoast SEO plugin v26.7 - https:\/\/yoast.com\/wordpress\/plugins\/seo\/ -->\n<title>AMC Notaire<\/title>\n<meta name=\"robots\" content=\"index, follow, max-snippet:-1, max-image-preview:large, max-video-preview:-1\" \/>\n<link rel=\"canonical\" href=\"https:\/\/amcnotaire.com\/en\/\" \/>\n<meta property=\"og:locale\" content=\"en_US\" \/>\n<meta property=\"og:type\" content=\"article\" \/>\n<meta property=\"og:title\" content=\"AMC Notaire\" \/>\n<meta property=\"og:description\" content=\"[vc_row css_animation=&#8221;&#8221; row_type=&#8221;row&#8221; use_row_as_full_screen_section=&#8221;no&#8221; type=&#8221;grid&#8221; angled_section=&#8221;no&#8221; text_align=&#8221;center&#8221; background_image_as_pattern=&#8221;without_pattern&#8221; padding_top=&#8221;50&#8243; z_index=&#8221;&#8221;][vc_column offset=&#8221;vc_col-lg-offset-3 vc_col-lg-6&#8243;][vc_column_text] OUR SERVICES [\/vc_column_text][vc_separator type=&#8221;transparent&#8221; up=&#8221;20&#8243; down=&#8221;0&#8243;][\/vc_column][\/vc_row][vc_row css_animation=&#8221;&#8221; row_type=&#8221;row&#8221; use_row_as_full_screen_section=&#8221;no&#8221; type=&#8221;grid&#8221; angled_section=&#8221;no&#8221; text_align=&#8221;center&#8221; background_image_as_pattern=&#8221;without_pattern&#8221; padding_top=&#8221;65&#8243; padding_bottom=&#8221;50&#8243; z_index=&#8221;&#8221;][vc_column width=&#8221;1\/2&#8243; offset=&#8221;vc_col-lg-3 vc_col-md-3&#8243;][vc_single_image image=&#8221;484&#8243; img_size=&#8221;full&#8221; alignment=&#8221;center&#8221; onclick=&#8221;custom_link&#8221; qode_css_animation=&#8221;&#8221; link=&#8221;https:\/\/amcnotaire.com\/en\/mediation\/&#8221;][vc_separator type=&#8221;transparent&#8221; up=&#8221;40&#8243; down=&#8221;0&#8243;][vc_column_text] MEDIATION [\/vc_column_text][vc_separator type=&#8221;transparent&#8221; up=&#8221;25&#8243; down=&#8221;0&#8243;][vc_column_text]...\" \/>\n<meta property=\"og:url\" content=\"https:\/\/amcnotaire.com\/en\/\" \/>\n<meta property=\"og:site_name\" content=\"AMC Notaire\" \/>\n<meta property=\"article:modified_time\" content=\"2025-07-09T14:50:14+00:00\" \/>\n<meta name=\"twitter:card\" content=\"summary_large_image\" \/>\n<meta name=\"twitter:label1\" content=\"Est. reading time\" \/>\n\t<meta name=\"twitter:data1\" content=\"3 minutes\" \/>\n<script type=\"application\/ld+json\" class=\"yoast-schema-graph\">{\"@context\":\"https:\/\/schema.org\",\"@graph\":[{\"@type\":\"WebPage\",\"@id\":\"https:\/\/amcnotaire.com\/en\/\",\"url\":\"https:\/\/amcnotaire.com\/en\/\",\"name\":\"AMC Notaire\",\"isPartOf\":{\"@id\":\"https:\/\/amcnotaire.com\/#website\"},\"datePublished\":\"2020-02-27T18:58:57+00:00\",\"dateModified\":\"2025-07-09T14:50:14+00:00\",\"breadcrumb\":{\"@id\":\"https:\/\/amcnotaire.com\/en\/#breadcrumb\"},\"inLanguage\":\"en-US\",\"potentialAction\":[{\"@type\":\"ReadAction\",\"target\":[\"https:\/\/amcnotaire.com\/en\/\"]}]},{\"@type\":\"BreadcrumbList\",\"@id\":\"https:\/\/amcnotaire.com\/en\/#breadcrumb\",\"itemListElement\":[{\"@type\":\"ListItem\",\"position\":1,\"name\":\"Accueil\",\"item\":\"https:\/\/amcnotaire.com\/en\/\"},{\"@type\":\"ListItem\",\"position\":2,\"name\":\"Home\"}]},{\"@type\":\"WebSite\",\"@id\":\"https:\/\/amcnotaire.com\/#website\",\"url\":\"https:\/\/amcnotaire.com\/\",\"name\":\"AMC Notaire\",\"description\":\"\",\"potentialAction\":[{\"@type\":\"SearchAction\",\"target\":{\"@type\":\"EntryPoint\",\"urlTemplate\":\"https:\/\/amcnotaire.com\/?s={search_term_string}\"},\"query-input\":{\"@type\":\"PropertyValueSpecification\",\"valueRequired\":true,\"valueName\":\"search_term_string\"}}],\"inLanguage\":\"en-US\"}]}<\/script>\n<!-- \/ Yoast SEO plugin. -->","yoast_head_json":{"title":"AMC Notaire","robots":{"index":"index","follow":"follow","max-snippet":"max-snippet:-1","max-image-preview":"max-image-preview:large","max-video-preview":"max-video-preview:-1"},"canonical":"https:\/\/amcnotaire.com\/en\/","og_locale":"en_US","og_type":"article","og_title":"AMC Notaire","og_description":"[vc_row css_animation=&#8221;&#8221; row_type=&#8221;row&#8221; use_row_as_full_screen_section=&#8221;no&#8221; type=&#8221;grid&#8221; angled_section=&#8221;no&#8221; text_align=&#8221;center&#8221; background_image_as_pattern=&#8221;without_pattern&#8221; padding_top=&#8221;50&#8243; z_index=&#8221;&#8221;][vc_column offset=&#8221;vc_col-lg-offset-3 vc_col-lg-6&#8243;][vc_column_text] OUR SERVICES [\/vc_column_text][vc_separator type=&#8221;transparent&#8221; up=&#8221;20&#8243; down=&#8221;0&#8243;][\/vc_column][\/vc_row][vc_row css_animation=&#8221;&#8221; row_type=&#8221;row&#8221; use_row_as_full_screen_section=&#8221;no&#8221; type=&#8221;grid&#8221; angled_section=&#8221;no&#8221; text_align=&#8221;center&#8221; background_image_as_pattern=&#8221;without_pattern&#8221; padding_top=&#8221;65&#8243; padding_bottom=&#8221;50&#8243; z_index=&#8221;&#8221;][vc_column width=&#8221;1\/2&#8243; offset=&#8221;vc_col-lg-3 vc_col-md-3&#8243;][vc_single_image image=&#8221;484&#8243; img_size=&#8221;full&#8221; alignment=&#8221;center&#8221; onclick=&#8221;custom_link&#8221; qode_css_animation=&#8221;&#8221; link=&#8221;https:\/\/amcnotaire.com\/en\/mediation\/&#8221;][vc_separator type=&#8221;transparent&#8221; up=&#8221;40&#8243; down=&#8221;0&#8243;][vc_column_text] MEDIATION [\/vc_column_text][vc_separator type=&#8221;transparent&#8221; up=&#8221;25&#8243; down=&#8221;0&#8243;][vc_column_text]...","og_url":"https:\/\/amcnotaire.com\/en\/","og_site_name":"AMC Notaire","article_modified_time":"2025-07-09T14:50:14+00:00","twitter_card":"summary_large_image","twitter_misc":{"Est. reading time":"3 minutes"},"schema":{"@context":"https:\/\/schema.org","@graph":[{"@type":"WebPage","@id":"https:\/\/amcnotaire.com\/en\/","url":"https:\/\/amcnotaire.com\/en\/","name":"AMC Notaire","isPartOf":{"@id":"https:\/\/amcnotaire.com\/#website"},"datePublished":"2020-02-27T18:58:57+00:00","dateModified":"2025-07-09T14:50:14+00:00","breadcrumb":{"@id":"https:\/\/amcnotaire.com\/en\/#breadcrumb"},"inLanguage":"en-US","potentialAction":[{"@type":"ReadAction","target":["https:\/\/amcnotaire.com\/en\/"]}]},{"@type":"BreadcrumbList","@id":"https:\/\/amcnotaire.com\/en\/#breadcrumb","itemListElement":[{"@type":"ListItem","position":1,"name":"Accueil","item":"https:\/\/amcnotaire.com\/en\/"},{"@type":"ListItem","position":2,"name":"Home"}]},{"@type":"WebSite","@id":"https:\/\/amcnotaire.com\/#website","url":"https:\/\/amcnotaire.com\/","name":"AMC Notaire","description":"","potentialAction":[{"@type":"SearchAction","target":{"@type":"EntryPoint","urlTemplate":"https:\/\/amcnotaire.com\/?s={search_term_string}"},"query-input":{"@type":"PropertyValueSpecification","valueRequired":true,"valueName":"search_term_string"}}],"inLanguage":"en-US"}]}},"_links":{"self":[{"href":"https:\/\/amcnotaire.com\/en\/wp-json\/wp\/v2\/pages\/986","targetHints":{"allow":["GET"]}}],"collection":[{"href":"https:\/\/amcnotaire.com\/en\/wp-json\/wp\/v2\/pages"}],"about":[{"href":"https:\/\/amcnotaire.com\/en\/wp-json\/wp\/v2\/types\/page"}],"author":[{"embeddable":true,"href":"https:\/\/amcnotaire.com\/en\/wp-json\/wp\/v2\/users\/1"}],"replies":[{"embeddable":true,"href":"https:\/\/amcnotaire.com\/en\/wp-json\/wp\/v2\/comments?post=986"}],"version-history":[{"count":11,"href":"https:\/\/amcnotaire.com\/en\/wp-json\/wp\/v2\/pages\/986\/revisions"}],"predecessor-version":[{"id":1284,"href":"https:\/\/amcnotaire.com\/en\/wp-json\/wp\/v2\/pages\/986\/revisions\/1284"}],"wp:attachment":[{"href":"https:\/\/amcnotaire.com\/en\/wp-json\/wp\/v2\/media?parent=986"}],"curies":[{"name":"wp","href":"https:\/\/api.w.org\/{rel}","templated":true}]}}