{"id":1002,"date":"2020-02-27T19:23:51","date_gmt":"2020-02-27T19:23:51","guid":{"rendered":"https:\/\/amcnotaire.com\/?page_id=1002"},"modified":"2020-02-27T19:23:51","modified_gmt":"2020-02-27T19:23:51","slug":"mediation","status":"publish","type":"page","link":"https:\/\/amcnotaire.com\/en\/mediation\/","title":{"rendered":"Mediation"},"content":{"rendered":"<div class=\"wpb-content-wrapper\"><p>[vc_row css_animation=&#8221;&#8221; row_type=&#8221;row&#8221; use_row_as_full_screen_section=&#8221;no&#8221; type=&#8221;full_width&#8221; angled_section=&#8221;no&#8221; text_align=&#8221;left&#8221; background_image_as_pattern=&#8221;without_pattern&#8221;][vc_column][vc_empty_space height=&#8221;50px&#8221;][vc_row_inner row_type=&#8221;row&#8221; type=&#8221;grid&#8221; text_align=&#8221;left&#8221; css_animation=&#8221;&#8221;][vc_column_inner width=&#8221;1\/4&#8243;][vc_single_image image=&#8221;737&#8243; img_size=&#8221;full&#8221; qode_css_animation=&#8221;&#8221;][vc_empty_space][\/vc_column_inner][vc_column_inner width=&#8221;1\/2&#8243;][vc_column_text]<\/p>\n<p class=\"p1\">Mtre Anne-Marie Coutu, notary, is an experienced mediator and member of the AMFQ (<i>Association de m\u00e9diation familiale du Qu\u00e9bec<\/i>) and IMAQ (<i>Institut de m\u00e9diation et d\u2019arbitrage du Qu\u00e9bec<\/i>) associations. She has been practicing family mediation since 2010 as well as civil and commercial mediation since 2018. The notary is an impartial and neutral intermediary who takes the time to listen to her clients in order to assist them fittingly through the settlement process.<\/p>\n<h2 class=\"p1\"><b>ACCREDITED FAMILY MEDIATOR <\/b><\/h2>\n<p class=\"p1\">Family mediation should be considered in the event of a separation as it allows parents to reach an agreement while preserving a harmonious relationship. It is important to note that mediation is a free and voluntary process, hence there is no obligation for clients to continue the process when it does not suit one of them. Accordingly, both parents have to agree to mediation and if at anytime one of them wants to end or suspend the process it is their right to do so. The government offers 5 hours free of charge in mediation for couples with children as part of a government program (<i>Programme Justice Qu\u00e9bec<\/i>), which can be an invaluable opportunity for parents.<\/p>\n<h2 class=\"p1\"><b>ACCREDITED CIVIL AND COMMERCIAL MEDIATOR<\/b><\/h2>\n<p class=\"p1\">Mtre Coutu areas of expertise in civil and commercial mediation include family, real estate, inheritance and corporate matters. As a mediator, the notary assists her clients in a process where each party feels safe and understood. She offers a personalized service that takes into consideration the needs and interests of each party with the objective of finding a fair agreement.<\/p>\n<p>[\/vc_column_text][\/vc_column_inner][vc_column_inner width=&#8221;1\/4&#8243;][vc_single_image image=&#8221;457&#8243; img_size=&#8221;full&#8221; alignment=&#8221;center&#8221; qode_css_animation=&#8221;&#8221;][vc_empty_space][vc_single_image image=&#8221;456&#8243; img_size=&#8221;full&#8221; alignment=&#8221;center&#8221; qode_css_animation=&#8221;&#8221;][vc_empty_space][\/vc_column_inner][\/vc_row_inner][vc_empty_space height=&#8221;50px&#8221;][\/vc_column][\/vc_row][vc_row row_type=&#8221;parallax&#8221; parallax_content_width=&#8221;in_grid&#8221; text_align=&#8221;left&#8221; background_image=&#8221;657&#8243; full_screen_section_height=&#8221;no&#8221;][vc_column][vc_empty_space][vc_row_inner row_type=&#8221;row&#8221; type=&#8221;grid&#8221; text_align=&#8221;left&#8221; css_animation=&#8221;&#8221;][vc_column_inner][vc_column_text]<\/p>\n<h2 class=\"p1\"><b>A TRUST-BASED APPROACH<\/b><\/h2>\n<p class=\"p1\">Mtre Anne-Marie Coutu is an impartial mediator who strives to establish a trust-based relationship with her clients and invites them to openly express themselves in a safe and serene atmosphere. Communication and respect are important factors fostered by the mediator that lead to a satisfying agreement<span style=\"color: #333333;\">.<\/span><\/p>\n<p class=\"p1\">Note that you can benefit of 5 hours free of charge in family mediation as part of the government program! For more information<span style=\"color: #333333;\"> : <a href=\"https:\/\/www.justice.gouv.qc.ca\/en\/programs-and-services\/programs\/family-mediation-program\" target=\"_blank\" rel=\"noopener noreferrer\">www.justice.gouv.qc.ca<\/a><\/span><\/p>\n<p class=\"p1\">Also note that it is possible for the mediator to go to the Superior Court if the parties wish to make a joint application for divorce, ratify their draft agreement or even review any other accessory measures such as child support and custody<span style=\"color: #333333;\">.<\/span><\/p>\n<p class=\"p1\">For any other question about how mediation process works, please do not hesitate to contact us. We will be pleased to provide you more information about our mediation sessions<span style=\"color: #333333;\">.<\/span><\/p>\n<p>[\/vc_column_text][vc_empty_space height=&#8221;50px&#8221;][\/vc_column_inner][\/vc_row_inner][\/vc_column][\/vc_row]<\/p>\n<\/div>","protected":false},"excerpt":{"rendered":"<p>[vc_row css_animation=&#8221;&#8221; row_type=&#8221;row&#8221; use_row_as_full_screen_section=&#8221;no&#8221; type=&#8221;full_width&#8221; angled_section=&#8221;no&#8221; text_align=&#8221;left&#8221; background_image_as_pattern=&#8221;without_pattern&#8221;][vc_column][vc_empty_space height=&#8221;50px&#8221;][vc_row_inner row_type=&#8221;row&#8221; type=&#8221;grid&#8221; text_align=&#8221;left&#8221; css_animation=&#8221;&#8221;][vc_column_inner width=&#8221;1\/4&#8243;][vc_single_image image=&#8221;737&#8243; img_size=&#8221;full&#8221; qode_css_animation=&#8221;&#8221;][vc_empty_space][\/vc_column_inner][vc_column_inner width=&#8221;1\/2&#8243;][vc_column_text] Mtre Anne-Marie Coutu, notary, is an experienced mediator and member of the AMFQ (Association de m\u00e9diation familiale du Qu\u00e9bec) and IMAQ (Institut de m\u00e9diation et d\u2019arbitrage du&#8230;<\/p>\n","protected":false},"author":1,"featured_media":0,"parent":0,"menu_order":0,"comment_status":"closed","ping_status":"open","template":"full_width.php","meta":{"_monsterinsights_skip_tracking":false,"_monsterinsights_sitenote_active":false,"_monsterinsights_sitenote_note":"","_monsterinsights_sitenote_category":0,"footnotes":""},"class_list":["post-1002","page","type-page","status-publish","hentry"],"yoast_head":"<!-- This site is optimized with the Yoast SEO plugin v26.7 - https:\/\/yoast.com\/wordpress\/plugins\/seo\/ -->\n<title>Mediation - AMC Notaire<\/title>\n<meta name=\"robots\" content=\"index, follow, max-snippet:-1, max-image-preview:large, max-video-preview:-1\" \/>\n<link rel=\"canonical\" href=\"https:\/\/amcnotaire.com\/en\/mediation\/\" \/>\n<meta property=\"og:locale\" content=\"en_US\" \/>\n<meta property=\"og:type\" content=\"article\" \/>\n<meta property=\"og:title\" content=\"Mediation - AMC Notaire\" \/>\n<meta property=\"og:description\" content=\"[vc_row css_animation=&#8221;&#8221; row_type=&#8221;row&#8221; use_row_as_full_screen_section=&#8221;no&#8221; type=&#8221;full_width&#8221; angled_section=&#8221;no&#8221; text_align=&#8221;left&#8221; background_image_as_pattern=&#8221;without_pattern&#8221;][vc_column][vc_empty_space height=&#8221;50px&#8221;][vc_row_inner row_type=&#8221;row&#8221; type=&#8221;grid&#8221; text_align=&#8221;left&#8221; css_animation=&#8221;&#8221;][vc_column_inner width=&#8221;1\/4&#8243;][vc_single_image image=&#8221;737&#8243; img_size=&#8221;full&#8221; qode_css_animation=&#8221;&#8221;][vc_empty_space][\/vc_column_inner][vc_column_inner width=&#8221;1\/2&#8243;][vc_column_text] Mtre Anne-Marie Coutu, notary, is an experienced mediator and member of the AMFQ (Association de m\u00e9diation familiale du Qu\u00e9bec) and IMAQ (Institut de m\u00e9diation et d\u2019arbitrage du...\" \/>\n<meta property=\"og:url\" content=\"https:\/\/amcnotaire.com\/en\/mediation\/\" \/>\n<meta property=\"og:site_name\" content=\"AMC Notaire\" \/>\n<meta name=\"twitter:card\" content=\"summary_large_image\" \/>\n<meta name=\"twitter:label1\" content=\"Est. reading time\" \/>\n\t<meta name=\"twitter:data1\" content=\"3 minutes\" \/>\n<script type=\"application\/ld+json\" class=\"yoast-schema-graph\">{\"@context\":\"https:\/\/schema.org\",\"@graph\":[{\"@type\":\"WebPage\",\"@id\":\"https:\/\/amcnotaire.com\/en\/mediation\/\",\"url\":\"https:\/\/amcnotaire.com\/en\/mediation\/\",\"name\":\"Mediation - AMC Notaire\",\"isPartOf\":{\"@id\":\"https:\/\/amcnotaire.com\/#website\"},\"datePublished\":\"2020-02-27T19:23:51+00:00\",\"breadcrumb\":{\"@id\":\"https:\/\/amcnotaire.com\/en\/mediation\/#breadcrumb\"},\"inLanguage\":\"en-US\",\"potentialAction\":[{\"@type\":\"ReadAction\",\"target\":[\"https:\/\/amcnotaire.com\/en\/mediation\/\"]}]},{\"@type\":\"BreadcrumbList\",\"@id\":\"https:\/\/amcnotaire.com\/en\/mediation\/#breadcrumb\",\"itemListElement\":[{\"@type\":\"ListItem\",\"position\":1,\"name\":\"Accueil\",\"item\":\"https:\/\/amcnotaire.com\/en\/\"},{\"@type\":\"ListItem\",\"position\":2,\"name\":\"Mediation\"}]},{\"@type\":\"WebSite\",\"@id\":\"https:\/\/amcnotaire.com\/#website\",\"url\":\"https:\/\/amcnotaire.com\/\",\"name\":\"AMC Notaire\",\"description\":\"\",\"potentialAction\":[{\"@type\":\"SearchAction\",\"target\":{\"@type\":\"EntryPoint\",\"urlTemplate\":\"https:\/\/amcnotaire.com\/?s={search_term_string}\"},\"query-input\":{\"@type\":\"PropertyValueSpecification\",\"valueRequired\":true,\"valueName\":\"search_term_string\"}}],\"inLanguage\":\"en-US\"}]}<\/script>\n<!-- \/ Yoast SEO plugin. -->","yoast_head_json":{"title":"Mediation - AMC Notaire","robots":{"index":"index","follow":"follow","max-snippet":"max-snippet:-1","max-image-preview":"max-image-preview:large","max-video-preview":"max-video-preview:-1"},"canonical":"https:\/\/amcnotaire.com\/en\/mediation\/","og_locale":"en_US","og_type":"article","og_title":"Mediation - AMC Notaire","og_description":"[vc_row css_animation=&#8221;&#8221; row_type=&#8221;row&#8221; use_row_as_full_screen_section=&#8221;no&#8221; type=&#8221;full_width&#8221; angled_section=&#8221;no&#8221; text_align=&#8221;left&#8221; background_image_as_pattern=&#8221;without_pattern&#8221;][vc_column][vc_empty_space height=&#8221;50px&#8221;][vc_row_inner row_type=&#8221;row&#8221; type=&#8221;grid&#8221; text_align=&#8221;left&#8221; css_animation=&#8221;&#8221;][vc_column_inner width=&#8221;1\/4&#8243;][vc_single_image image=&#8221;737&#8243; img_size=&#8221;full&#8221; qode_css_animation=&#8221;&#8221;][vc_empty_space][\/vc_column_inner][vc_column_inner width=&#8221;1\/2&#8243;][vc_column_text] Mtre Anne-Marie Coutu, notary, is an experienced mediator and member of the AMFQ (Association de m\u00e9diation familiale du Qu\u00e9bec) and IMAQ (Institut de m\u00e9diation et d\u2019arbitrage du...","og_url":"https:\/\/amcnotaire.com\/en\/mediation\/","og_site_name":"AMC Notaire","twitter_card":"summary_large_image","twitter_misc":{"Est. reading time":"3 minutes"},"schema":{"@context":"https:\/\/schema.org","@graph":[{"@type":"WebPage","@id":"https:\/\/amcnotaire.com\/en\/mediation\/","url":"https:\/\/amcnotaire.com\/en\/mediation\/","name":"Mediation - AMC Notaire","isPartOf":{"@id":"https:\/\/amcnotaire.com\/#website"},"datePublished":"2020-02-27T19:23:51+00:00","breadcrumb":{"@id":"https:\/\/amcnotaire.com\/en\/mediation\/#breadcrumb"},"inLanguage":"en-US","potentialAction":[{"@type":"ReadAction","target":["https:\/\/amcnotaire.com\/en\/mediation\/"]}]},{"@type":"BreadcrumbList","@id":"https:\/\/amcnotaire.com\/en\/mediation\/#breadcrumb","itemListElement":[{"@type":"ListItem","position":1,"name":"Accueil","item":"https:\/\/amcnotaire.com\/en\/"},{"@type":"ListItem","position":2,"name":"Mediation"}]},{"@type":"WebSite","@id":"https:\/\/amcnotaire.com\/#website","url":"https:\/\/amcnotaire.com\/","name":"AMC Notaire","description":"","potentialAction":[{"@type":"SearchAction","target":{"@type":"EntryPoint","urlTemplate":"https:\/\/amcnotaire.com\/?s={search_term_string}"},"query-input":{"@type":"PropertyValueSpecification","valueRequired":true,"valueName":"search_term_string"}}],"inLanguage":"en-US"}]}},"_links":{"self":[{"href":"https:\/\/amcnotaire.com\/en\/wp-json\/wp\/v2\/pages\/1002","targetHints":{"allow":["GET"]}}],"collection":[{"href":"https:\/\/amcnotaire.com\/en\/wp-json\/wp\/v2\/pages"}],"about":[{"href":"https:\/\/amcnotaire.com\/en\/wp-json\/wp\/v2\/types\/page"}],"author":[{"embeddable":true,"href":"https:\/\/amcnotaire.com\/en\/wp-json\/wp\/v2\/users\/1"}],"replies":[{"embeddable":true,"href":"https:\/\/amcnotaire.com\/en\/wp-json\/wp\/v2\/comments?post=1002"}],"version-history":[{"count":2,"href":"https:\/\/amcnotaire.com\/en\/wp-json\/wp\/v2\/pages\/1002\/revisions"}],"predecessor-version":[{"id":1004,"href":"https:\/\/amcnotaire.com\/en\/wp-json\/wp\/v2\/pages\/1002\/revisions\/1004"}],"wp:attachment":[{"href":"https:\/\/amcnotaire.com\/en\/wp-json\/wp\/v2\/media?parent=1002"}],"curies":[{"name":"wp","href":"https:\/\/api.w.org\/{rel}","templated":true}]}}